{"id":248,"date":"2020-01-28T14:06:02","date_gmt":"2020-01-28T14:06:02","guid":{"rendered":"https:\/\/stal.qodeinteractive.com\/?page_id=248"},"modified":"2023-04-12T11:03:00","modified_gmt":"2023-04-12T11:03:00","slug":"home","status":"publish","type":"page","link":"https:\/\/epaper.thermozell.com\/","title":{"rendered":"Home"},"content":{"rendered":"\t\t<div data-elementor-type=\"wp-page\" data-elementor-id=\"248\" class=\"elementor elementor-248\" data-elementor-settings=\"[]\">\n\t\t\t\t\t\t<div class=\"elementor-inner\">\n\t\t\t\t\t\t\t<div class=\"elementor-section-wrap\">\n\t\t\t\t\t\t\t<section class=\"elementor-section elementor-top-section elementor-element elementor-element-e542973 elementor-section-full_width elementor-section-height-default elementor-section-height-default qodef-elementor-content-no\" data-id=\"e542973\" data-element_type=\"section\">\n\t\t\t\t\t\t<div class=\"elementor-container elementor-column-gap-default\">\n\t\t\t\t\t\t\t<div class=\"elementor-row\">\n\t\t\t\t\t<div class=\"elementor-column elementor-col-100 elementor-top-column elementor-element elementor-element-0a4b23f\" data-id=\"0a4b23f\" data-element_type=\"column\">\n\t\t\t<div class=\"elementor-column-wrap elementor-element-populated\">\n\t\t\t\t\t\t\t<div class=\"elementor-widget-wrap\">\n\t\t\t\t\t\t<div class=\"elementor-element elementor-element-485c428 elementor-widget__width-inherit elementor-widget elementor-widget-stal_core_interactive_banners\" data-id=\"485c428\" data-element_type=\"widget\" data-widget_type=\"stal_core_interactive_banners.default\">\n\t\t\t\t<div class=\"elementor-widget-container\">\n\t\t\t\n<div class=\"qodef-interactive-banners qodef-shortcode qodef-m   qodef-interactive-banners-five\">\n    <div class=\"qodef-ib-images-holder\">\n                    <div class=\"qodef-ib-image-holder qodef-active\" style=\"background-image: url(https:\/\/epaper.thermozell.com\/wp-content\/uploads\/2020\/11\/Produkt_1_5zu4.jpg)\" data-index=\"0\">\n\n            <\/div>\n                                            <div class=\"qodef-ib-image-holder \" style=\"background-image: url(https:\/\/epaper.thermozell.com\/wp-content\/uploads\/2020\/11\/Thermozell_1_16zu9.jpg)\" data-index=\"1\">\n\n            <\/div>\n                                            <div class=\"qodef-ib-image-holder \" style=\"background-image: url(https:\/\/epaper.thermozell.com\/wp-content\/uploads\/2020\/11\/Anwendung_1_5zu4.jpg)\" data-index=\"2\">\n\n            <\/div>\n                                            <div class=\"qodef-ib-image-holder \" style=\"background-image: url(https:\/\/epaper.thermozell.com\/wp-content\/uploads\/2020\/11\/HIRSCH_1_16zu9.jpg)\" data-index=\"3\">\n\n            <\/div>\n                                            <div class=\"qodef-ib-image-holder \" style=\"background-image: url(https:\/\/epaper.thermozell.com\/wp-content\/uploads\/2020\/11\/Kontakt_1_5zu4.jpg)\" data-index=\"4\">\n\n            <\/div>\n                            <\/div>\n    <div class=\"qodef-ib-content-holder\">\n                    <div class=\"qodef-ib-item qodef-active\" data-index=\"0\">\n                <div class=\"qodef-ib-image-holder-responsive\" style=\"background-image: url(https:\/\/epaper.thermozell.com\/wp-content\/uploads\/2020\/11\/Produkt_1_5zu4.jpg)\">\n\n                <\/div>\n\t            <span class=\"qodef-ib-item-tag\">Thermozell<\/span>\n                <div class=\"qodef-ib-item-inner\">\n\t                \t                <div class=\"qodef-ib-item-small-image\">\n\t                    <img width=\"150\" height=\"150\" src=\"https:\/\/epaper.thermozell.com\/wp-content\/uploads\/2020\/11\/TZ-Icon_Muscle.png\" class=\"attachment-full size-full\" alt=\"\" loading=\"lazy\" srcset=\"https:\/\/epaper.thermozell.com\/wp-content\/uploads\/2020\/11\/TZ-Icon_Muscle.png 150w, https:\/\/epaper.thermozell.com\/wp-content\/uploads\/2020\/11\/TZ-Icon_Muscle-82x82.png 82w, https:\/\/epaper.thermozell.com\/wp-content\/uploads\/2020\/11\/TZ-Icon_Muscle-100x100.png 100w\" sizes=\"(max-width: 150px) 100vw, 150px\" \/>\t                <\/div>\n\t                                    <div class=\"qodef-ib-item-title\">\n                        <h3> Thermozell <\/h3>\n                    <\/div>\n\t                <div class=\"qodef-ib-item-subtitle\">\n\t\t                <p> Was wir tun und wer wir sind <\/p>\n\t                <\/div>\n                                            <div class=\"qodef-ib-item-btn-holder\">\n                                <a class=\"qodef-shortcode qodef-m  qodef-button qodef-layout--textual qodef-size--small qodef-html--link\" href=\"https:\/\/epaper.thermozell.com\/index.php\/thermozell\/\" target=\"_self\"  >\t<span class=\"qodef-m-text\">        Mehr erfahren        <svg class=\"qodef-m-arrowline\" xmlns=\"http:\/\/www.w3.org\/2000\/svg\" xmlns:xlink=\"http:\/\/www.w3.org\/1999\/xlink\" x=\"0px\" y=\"0px\" viewBox=\"0 0 63 20\" xml:space=\"preserve\">                            <line x1=\"61.6\" y1=\"10\" x2=\"61.6\" y2=\"10\"\/>                            <line x1=\"62\" y1=\"10\" x2=\"61.6\" y2=\"10\"\/>                            <line x1=\"61.6\" y1=\"10\" x2=\"1\" y2=\"10\"\/>                            <path d=\"M61.6,10\"\/>                            <line x1=\"61.6\" y1=\"10\" x2=\"61.6\" y2=\"10\"\/>                            <line class=\"arrow-up\" x1=\"56.7\" y1=\"5.1\" x2=\"61.6\" y2=\"10\"\/>                            <path d=\"M61.6,10\"\/>                            <line x1=\"61.6\" y1=\"10\" x2=\"61.6\" y2=\"10\"\/>                            <line class=\"arrow-down\" x1=\"61.6\" y1=\"10\" x2=\"56.7\" y2=\"14.9\"\/>                        <\/svg>    <\/span><\/a>                        <\/div>\n                                    <\/div>\n            <\/div>\n                                            <div class=\"qodef-ib-item \" data-index=\"1\">\n                <div class=\"qodef-ib-image-holder-responsive\" style=\"background-image: url(https:\/\/epaper.thermozell.com\/wp-content\/uploads\/2020\/11\/Thermozell_1_16zu9.jpg)\">\n\n                <\/div>\n\t            <span class=\"qodef-ib-item-tag\">Produkte<\/span>\n                <div class=\"qodef-ib-item-inner\">\n\t                \t                <div class=\"qodef-ib-item-small-image\">\n\t                    <img width=\"150\" height=\"150\" src=\"https:\/\/epaper.thermozell.com\/wp-content\/uploads\/2020\/11\/TZ-Icon_Sack.png\" class=\"attachment-full size-full\" alt=\"\" loading=\"lazy\" srcset=\"https:\/\/epaper.thermozell.com\/wp-content\/uploads\/2020\/11\/TZ-Icon_Sack.png 150w, https:\/\/epaper.thermozell.com\/wp-content\/uploads\/2020\/11\/TZ-Icon_Sack-82x82.png 82w, https:\/\/epaper.thermozell.com\/wp-content\/uploads\/2020\/11\/TZ-Icon_Sack-100x100.png 100w\" sizes=\"(max-width: 150px) 100vw, 150px\" \/>\t                <\/div>\n\t                                    <div class=\"qodef-ib-item-title\">\n                        <h3> Unsere Produkte <\/h3>\n                    <\/div>\n\t                <div class=\"qodef-ib-item-subtitle\">\n\t\t                <p> So vielseitig sind die Produkte von Thermozell <\/p>\n\t                <\/div>\n                                            <div class=\"qodef-ib-item-btn-holder\">\n                                <a class=\"qodef-shortcode qodef-m  qodef-button qodef-layout--textual qodef-size--small qodef-html--link\" href=\"https:\/\/epaper.thermozell.com\/index.php\/produkte\/\" target=\"_self\"  >\t<span class=\"qodef-m-text\">        Mehr erfahren        <svg class=\"qodef-m-arrowline\" xmlns=\"http:\/\/www.w3.org\/2000\/svg\" xmlns:xlink=\"http:\/\/www.w3.org\/1999\/xlink\" x=\"0px\" y=\"0px\" viewBox=\"0 0 63 20\" xml:space=\"preserve\">                            <line x1=\"61.6\" y1=\"10\" x2=\"61.6\" y2=\"10\"\/>                            <line x1=\"62\" y1=\"10\" x2=\"61.6\" y2=\"10\"\/>                            <line x1=\"61.6\" y1=\"10\" x2=\"1\" y2=\"10\"\/>                            <path d=\"M61.6,10\"\/>                            <line x1=\"61.6\" y1=\"10\" x2=\"61.6\" y2=\"10\"\/>                            <line class=\"arrow-up\" x1=\"56.7\" y1=\"5.1\" x2=\"61.6\" y2=\"10\"\/>                            <path d=\"M61.6,10\"\/>                            <line x1=\"61.6\" y1=\"10\" x2=\"61.6\" y2=\"10\"\/>                            <line class=\"arrow-down\" x1=\"61.6\" y1=\"10\" x2=\"56.7\" y2=\"14.9\"\/>                        <\/svg>    <\/span><\/a>                        <\/div>\n                                    <\/div>\n            <\/div>\n                                            <div class=\"qodef-ib-item \" data-index=\"2\">\n                <div class=\"qodef-ib-image-holder-responsive\" style=\"background-image: url(https:\/\/epaper.thermozell.com\/wp-content\/uploads\/2020\/11\/Anwendung_1_5zu4.jpg)\">\n\n                <\/div>\n\t            <span class=\"qodef-ib-item-tag\">Anwendungen<\/span>\n                <div class=\"qodef-ib-item-inner\">\n\t                \t                <div class=\"qodef-ib-item-small-image\">\n\t                    <img width=\"150\" height=\"150\" src=\"https:\/\/epaper.thermozell.com\/wp-content\/uploads\/2020\/11\/TZ-Icon_Fadenkreuz.png\" class=\"attachment-full size-full\" alt=\"\" loading=\"lazy\" srcset=\"https:\/\/epaper.thermozell.com\/wp-content\/uploads\/2020\/11\/TZ-Icon_Fadenkreuz.png 150w, https:\/\/epaper.thermozell.com\/wp-content\/uploads\/2020\/11\/TZ-Icon_Fadenkreuz-82x82.png 82w, https:\/\/epaper.thermozell.com\/wp-content\/uploads\/2020\/11\/TZ-Icon_Fadenkreuz-100x100.png 100w\" sizes=\"(max-width: 150px) 100vw, 150px\" \/>\t                <\/div>\n\t                                    <div class=\"qodef-ib-item-title\">\n                        <h3> Anwendungen <\/h3>\n                    <\/div>\n\t                <div class=\"qodef-ib-item-subtitle\">\n\t\t                <p> Wir haben f\u00fcr Ihre Anforderungen die passende L\u00f6sung <\/p>\n\t                <\/div>\n                                            <div class=\"qodef-ib-item-btn-holder\">\n                                <a class=\"qodef-shortcode qodef-m  qodef-button qodef-layout--textual qodef-size--small qodef-html--link\" href=\"https:\/\/epaper.thermozell.com\/index.php\/anwendungen\/\" target=\"_self\"  >\t<span class=\"qodef-m-text\">        Mehr erfahren        <svg class=\"qodef-m-arrowline\" xmlns=\"http:\/\/www.w3.org\/2000\/svg\" xmlns:xlink=\"http:\/\/www.w3.org\/1999\/xlink\" x=\"0px\" y=\"0px\" viewBox=\"0 0 63 20\" xml:space=\"preserve\">                            <line x1=\"61.6\" y1=\"10\" x2=\"61.6\" y2=\"10\"\/>                            <line x1=\"62\" y1=\"10\" x2=\"61.6\" y2=\"10\"\/>                            <line x1=\"61.6\" y1=\"10\" x2=\"1\" y2=\"10\"\/>                            <path d=\"M61.6,10\"\/>                            <line x1=\"61.6\" y1=\"10\" x2=\"61.6\" y2=\"10\"\/>                            <line class=\"arrow-up\" x1=\"56.7\" y1=\"5.1\" x2=\"61.6\" y2=\"10\"\/>                            <path d=\"M61.6,10\"\/>                            <line x1=\"61.6\" y1=\"10\" x2=\"61.6\" y2=\"10\"\/>                            <line class=\"arrow-down\" x1=\"61.6\" y1=\"10\" x2=\"56.7\" y2=\"14.9\"\/>                        <\/svg>    <\/span><\/a>                        <\/div>\n                                    <\/div>\n            <\/div>\n                                            <div class=\"qodef-ib-item \" data-index=\"3\">\n                <div class=\"qodef-ib-image-holder-responsive\" style=\"background-image: url(https:\/\/epaper.thermozell.com\/wp-content\/uploads\/2020\/11\/HIRSCH_1_16zu9.jpg)\">\n\n                <\/div>\n\t            <span class=\"qodef-ib-item-tag\">HIRSCH Servo Gruppe<\/span>\n                <div class=\"qodef-ib-item-inner\">\n\t                \t                <div class=\"qodef-ib-item-small-image\">\n\t                    <img width=\"150\" height=\"150\" src=\"https:\/\/epaper.thermozell.com\/wp-content\/uploads\/2020\/11\/TZ-Icon_HIRSCH.png\" class=\"attachment-full size-full\" alt=\"\" loading=\"lazy\" srcset=\"https:\/\/epaper.thermozell.com\/wp-content\/uploads\/2020\/11\/TZ-Icon_HIRSCH.png 150w, https:\/\/epaper.thermozell.com\/wp-content\/uploads\/2020\/11\/TZ-Icon_HIRSCH-82x82.png 82w, https:\/\/epaper.thermozell.com\/wp-content\/uploads\/2020\/11\/TZ-Icon_HIRSCH-100x100.png 100w\" sizes=\"(max-width: 150px) 100vw, 150px\" \/>\t                <\/div>\n\t                                    <div class=\"qodef-ib-item-title\">\n                        <h3> HIRSCH Servo Gruppe <\/h3>\n                    <\/div>\n\t                <div class=\"qodef-ib-item-subtitle\">\n\t\t                <p> Alles Wissenswerte zum Marktf\u00fchrer in der EPS-Industrie <\/p>\n\t                <\/div>\n                                            <div class=\"qodef-ib-item-btn-holder\">\n                                <a class=\"qodef-shortcode qodef-m  qodef-button qodef-layout--textual qodef-size--small qodef-html--link\" href=\"https:\/\/epaper.thermozell.com\/index.php\/hirsch-servo\/\" target=\"_self\"  >\t<span class=\"qodef-m-text\">        Mehr erfahren        <svg class=\"qodef-m-arrowline\" xmlns=\"http:\/\/www.w3.org\/2000\/svg\" xmlns:xlink=\"http:\/\/www.w3.org\/1999\/xlink\" x=\"0px\" y=\"0px\" viewBox=\"0 0 63 20\" xml:space=\"preserve\">                            <line x1=\"61.6\" y1=\"10\" x2=\"61.6\" y2=\"10\"\/>                            <line x1=\"62\" y1=\"10\" x2=\"61.6\" y2=\"10\"\/>                            <line x1=\"61.6\" y1=\"10\" x2=\"1\" y2=\"10\"\/>                            <path d=\"M61.6,10\"\/>                            <line x1=\"61.6\" y1=\"10\" x2=\"61.6\" y2=\"10\"\/>                            <line class=\"arrow-up\" x1=\"56.7\" y1=\"5.1\" x2=\"61.6\" y2=\"10\"\/>                            <path d=\"M61.6,10\"\/>                            <line x1=\"61.6\" y1=\"10\" x2=\"61.6\" y2=\"10\"\/>                            <line class=\"arrow-down\" x1=\"61.6\" y1=\"10\" x2=\"56.7\" y2=\"14.9\"\/>                        <\/svg>    <\/span><\/a>                        <\/div>\n                                    <\/div>\n            <\/div>\n                                            <div class=\"qodef-ib-item \" data-index=\"4\">\n                <div class=\"qodef-ib-image-holder-responsive\" style=\"background-image: url(https:\/\/epaper.thermozell.com\/wp-content\/uploads\/2020\/11\/Kontakt_1_5zu4.jpg)\">\n\n                <\/div>\n\t            <span class=\"qodef-ib-item-tag\">Nachhaltigkeit<\/span>\n                <div class=\"qodef-ib-item-inner\">\n\t                \t                <div class=\"qodef-ib-item-small-image\">\n\t                    <img width=\"150\" height=\"150\" src=\"https:\/\/epaper.thermozell.com\/wp-content\/uploads\/2023\/04\/admin-ajax.png\" class=\"attachment-full size-full\" alt=\"\" loading=\"lazy\" srcset=\"https:\/\/epaper.thermozell.com\/wp-content\/uploads\/2023\/04\/admin-ajax.png 150w, https:\/\/epaper.thermozell.com\/wp-content\/uploads\/2023\/04\/admin-ajax-82x82.png 82w\" sizes=\"(max-width: 150px) 100vw, 150px\" \/>\t                <\/div>\n\t                                    <div class=\"qodef-ib-item-title\">\n                        <h3> Nachhaltigkeit <\/h3>\n                    <\/div>\n\t                <div class=\"qodef-ib-item-subtitle\">\n\t\t                <p>  <\/p>\n\t                <\/div>\n                                            <div class=\"qodef-ib-item-btn-holder\">\n                                <a class=\"qodef-shortcode qodef-m  qodef-button qodef-layout--textual qodef-size--small qodef-html--link\" href=\"https:\/\/epaper.thermozell.com\/index.php\/nachhaltigkeit\/\" target=\"_self\"  >\t<span class=\"qodef-m-text\">        Mehr erfahren        <svg class=\"qodef-m-arrowline\" xmlns=\"http:\/\/www.w3.org\/2000\/svg\" xmlns:xlink=\"http:\/\/www.w3.org\/1999\/xlink\" x=\"0px\" y=\"0px\" viewBox=\"0 0 63 20\" xml:space=\"preserve\">                            <line x1=\"61.6\" y1=\"10\" x2=\"61.6\" y2=\"10\"\/>                            <line x1=\"62\" y1=\"10\" x2=\"61.6\" y2=\"10\"\/>                            <line x1=\"61.6\" y1=\"10\" x2=\"1\" y2=\"10\"\/>                            <path d=\"M61.6,10\"\/>                            <line x1=\"61.6\" y1=\"10\" x2=\"61.6\" y2=\"10\"\/>                            <line class=\"arrow-up\" x1=\"56.7\" y1=\"5.1\" x2=\"61.6\" y2=\"10\"\/>                            <path d=\"M61.6,10\"\/>                            <line x1=\"61.6\" y1=\"10\" x2=\"61.6\" y2=\"10\"\/>                            <line class=\"arrow-down\" x1=\"61.6\" y1=\"10\" x2=\"56.7\" y2=\"14.9\"\/>                        <\/svg>    <\/span><\/a>                        <\/div>\n                                    <\/div>\n            <\/div>\n                            <\/div>\n    <div class=\"qodef-ib-grid\">\n                    <div class=\"qodef-ib-grid-line\">\n                <div class=\"qodef-ib-grid-vertical-line\"><\/div>\n            <\/div>\n                    <div class=\"qodef-ib-grid-line\">\n                <div class=\"qodef-ib-grid-vertical-line\"><\/div>\n            <\/div>\n                    <div class=\"qodef-ib-grid-line\">\n                <div class=\"qodef-ib-grid-vertical-line\"><\/div>\n            <\/div>\n                    <div class=\"qodef-ib-grid-line\">\n                <div class=\"qodef-ib-grid-vertical-line\"><\/div>\n            <\/div>\n                    <div class=\"qodef-ib-grid-line\">\n                <div class=\"qodef-ib-grid-vertical-line\"><\/div>\n            <\/div>\n            <\/div>\n<\/div>\t\t<\/div>\n\t\t\t\t<\/div>\n\t\t\t\t\t\t<\/div>\n\t\t\t\t\t<\/div>\n\t\t<\/div>\n\t\t\t\t\t\t\t\t<\/div>\n\t\t\t\t\t<\/div>\n\t\t<\/section>\n\t\t\t\t<section class=\"elementor-section elementor-top-section elementor-element elementor-element-224ab56 elementor-section-boxed elementor-section-height-default elementor-section-height-default qodef-elementor-content-no\" data-id=\"224ab56\" data-element_type=\"section\">\n\t\t\t\t\t\t<div class=\"elementor-container elementor-column-gap-default\">\n\t\t\t\t\t\t\t<div class=\"elementor-row\">\n\t\t\t\t\t<div class=\"elementor-column elementor-col-100 elementor-top-column elementor-element elementor-element-d67422b\" data-id=\"d67422b\" data-element_type=\"column\">\n\t\t\t<div class=\"elementor-column-wrap elementor-element-populated\">\n\t\t\t\t\t\t\t<div class=\"elementor-widget-wrap\">\n\t\t\t\t\t\t<div class=\"elementor-element elementor-element-7211f30 elementor-widget elementor-widget-spacer\" data-id=\"7211f30\" data-element_type=\"widget\" data-widget_type=\"spacer.default\">\n\t\t\t\t<div class=\"elementor-widget-container\">\n\t\t\t\t\t<div class=\"elementor-spacer\">\n\t\t\t<div class=\"elementor-spacer-inner\"><\/div>\n\t\t<\/div>\n\t\t\t\t<\/div>\n\t\t\t\t<\/div>\n\t\t\t\t\t\t<\/div>\n\t\t\t\t\t<\/div>\n\t\t<\/div>\n\t\t\t\t\t\t\t\t<\/div>\n\t\t\t\t\t<\/div>\n\t\t<\/section>\n\t\t\t\t<section class=\"elementor-section elementor-top-section elementor-element elementor-element-a1f2e53 elementor-section-boxed elementor-section-height-default elementor-section-height-default qodef-elementor-content-no\" data-id=\"a1f2e53\" data-element_type=\"section\">\n\t\t\t\t\t\t<div class=\"elementor-container elementor-column-gap-default\">\n\t\t\t\t\t\t\t<div class=\"elementor-row\">\n\t\t\t\t\t<div class=\"elementor-column elementor-col-100 elementor-top-column elementor-element elementor-element-20c1ecf\" data-id=\"20c1ecf\" data-element_type=\"column\">\n\t\t\t<div class=\"elementor-column-wrap elementor-element-populated\">\n\t\t\t\t\t\t\t<div class=\"elementor-widget-wrap\">\n\t\t\t\t\t\t<div class=\"elementor-element elementor-element-707b2fe elementor-widget__width-inherit elementor-widget elementor-widget-stal_core_banner\" data-id=\"707b2fe\" data-element_type=\"widget\" data-widget_type=\"stal_core_banner.default\">\n\t\t\t\t<div class=\"elementor-widget-container\">\n\t\t\t<div class=\"qodef-shortcode qodef-m  qodef-banner qodef-layout--link-overlay\">\n\t<div class=\"qodef-m-image\">\n\t<\/div>\t<div class=\"qodef-m-content\">\n\t\t<div class=\"qodef-m-content-inner\">\n\t\t\t\t\t\t\t\t\t\t\t<\/div>\n\t<\/div>\n\t<a itemprop=\"url\" href=\"\" class=\"qodef-m-banner-link\" target=\"_blank\"><\/a>\n<\/div>\t\t<\/div>\n\t\t\t\t<\/div>\n\t\t\t\t\t\t<\/div>\n\t\t\t\t\t<\/div>\n\t\t<\/div>\n\t\t\t\t\t\t\t\t<\/div>\n\t\t\t\t\t<\/div>\n\t\t<\/section>\n\t\t\t\t\t\t<\/div>\n\t\t\t\t\t\t<\/div>\n\t\t\t\t\t<\/div>\n\t\t","protected":false},"excerpt":{"rendered":"<p>Thermozell Thermozell Was wir tun und wer wir sind Mehr erfahren Produkte Unsere Produkte So vielseitig sind die Produkte von Thermozell Mehr erfahren Anwendungen Anwendungen Wir haben f\u00fcr Ihre Anforderungen die passende L\u00f6sung Mehr erfahren HIRSCH Servo Gruppe HIRSCH Servo Gruppe Alles Wissenswerte zum Marktf\u00fchrer in der EPS-Industrie Mehr erfahren Nachhaltigkeit Nachhaltigkeit Mehr erfahren<\/p>\n","protected":false},"author":1,"featured_media":0,"parent":0,"menu_order":0,"comment_status":"closed","ping_status":"closed","template":"page-full-width.php","meta":[],"_links":{"self":[{"href":"https:\/\/epaper.thermozell.com\/index.php\/wp-json\/wp\/v2\/pages\/248"}],"collection":[{"href":"https:\/\/epaper.thermozell.com\/index.php\/wp-json\/wp\/v2\/pages"}],"about":[{"href":"https:\/\/epaper.thermozell.com\/index.php\/wp-json\/wp\/v2\/types\/page"}],"author":[{"embeddable":true,"href":"https:\/\/epaper.thermozell.com\/index.php\/wp-json\/wp\/v2\/users\/1"}],"replies":[{"embeddable":true,"href":"https:\/\/epaper.thermozell.com\/index.php\/wp-json\/wp\/v2\/comments?post=248"}],"version-history":[{"count":46,"href":"https:\/\/epaper.thermozell.com\/index.php\/wp-json\/wp\/v2\/pages\/248\/revisions"}],"predecessor-version":[{"id":6336,"href":"https:\/\/epaper.thermozell.com\/index.php\/wp-json\/wp\/v2\/pages\/248\/revisions\/6336"}],"wp:attachment":[{"href":"https:\/\/epaper.thermozell.com\/index.php\/wp-json\/wp\/v2\/media?parent=248"}],"curies":[{"name":"wp","href":"https:\/\/api.w.org\/{rel}","templated":true}]}}